{"id":3340,"date":"2019-02-04T07:04:29","date_gmt":"2019-02-04T06:04:29","guid":{"rendered":"https:\/\/new-ape.com\/cookies\/"},"modified":"2019-02-19T17:47:24","modified_gmt":"2019-02-19T16:47:24","slug":"cookies","status":"publish","type":"page","link":"https:\/\/aventuramarkt.com\/ca\/cookies\/","title":{"rendered":"Cookies"},"content":{"rendered":"\t\t<div data-elementor-type=\"wp-post\" data-elementor-id=\"3340\" class=\"elementor elementor-3340 elementor-1750 elementor-bc-flex-widget\" data-elementor-post-type=\"page\">\n\t\t\t\t\t\t<section class=\"elementor-section elementor-top-section elementor-element elementor-element-24b4d86a elementor-section-full_width elementor-section-height-min-height elementor-section-height-default elementor-section-items-middle\" data-id=\"24b4d86a\" data-element_type=\"section\" data-settings=\"{&quot;background_background&quot;:&quot;classic&quot;}\">\n\t\t\t\t\t\t\t<div class=\"elementor-background-overlay\"><\/div>\n\t\t\t\t\t\t\t<div class=\"elementor-container elementor-column-gap-no\">\n\t\t\t\t\t<div class=\"elementor-column elementor-col-100 elementor-top-column elementor-element elementor-element-4ef6aa64\" data-id=\"4ef6aa64\" data-element_type=\"column\">\n\t\t\t<div class=\"elementor-widget-wrap elementor-element-populated\">\n\t\t\t\t\t\t<div class=\"elementor-element elementor-element-6fdb925a elementor-invisible elementor-widget elementor-widget-heading\" data-id=\"6fdb925a\" data-element_type=\"widget\" data-settings=\"{&quot;_animation&quot;:&quot;fadeIn&quot;,&quot;_animation_delay&quot;:150}\" data-widget_type=\"heading.default\">\n\t\t\t\t<div class=\"elementor-widget-container\">\n\t\t\t<h2 class=\"elementor-heading-title elementor-size-default\">Cookies<\/h2>\t\t<\/div>\n\t\t\t\t<\/div>\n\t\t\t\t<div class=\"elementor-element elementor-element-787e0146 elementor-widget elementor-widget-spacer\" data-id=\"787e0146\" data-element_type=\"widget\" data-widget_type=\"spacer.default\">\n\t\t\t\t<div class=\"elementor-widget-container\">\n\t\t\t\t\t<div class=\"elementor-spacer\">\n\t\t\t<div class=\"elementor-spacer-inner\"><\/div>\n\t\t<\/div>\n\t\t\t\t<\/div>\n\t\t\t\t<\/div>\n\t\t\t\t<div class=\"elementor-element elementor-element-66c43886 elementor-widget elementor-widget-spacer\" data-id=\"66c43886\" data-element_type=\"widget\" data-widget_type=\"spacer.default\">\n\t\t\t\t<div class=\"elementor-widget-container\">\n\t\t\t\t\t<div class=\"elementor-spacer\">\n\t\t\t<div class=\"elementor-spacer-inner\"><\/div>\n\t\t<\/div>\n\t\t\t\t<\/div>\n\t\t\t\t<\/div>\n\t\t\t\t<div class=\"elementor-element elementor-element-61b4038d elementor-invisible elementor-widget elementor-widget-heading\" data-id=\"61b4038d\" data-element_type=\"widget\" data-settings=\"{&quot;_animation&quot;:&quot;fadeIn&quot;,&quot;_animation_delay&quot;:150}\" data-widget_type=\"heading.default\">\n\t\t\t\t<div class=\"elementor-widget-container\">\n\t\t\t<h2 class=\"elementor-heading-title elementor-size-default\">Com t'informem en entrar en aquesta p\u00e0gina web utilitzem cookies pr\u00f2pies i de tercers. Si has accedit i continues navegant, \u00e9s que acceptes la instal\u00b7laci\u00f3 d'aquestes cookies. Si no les acceptes, m\u00e9s endavant t'explico qu\u00e8 has de fer per a desactivar-les. <p>Les cookies es defineixen com a petits arxius de text que una p\u00e0gina web emmagatzema en el navegador de l'usuari i que tenen com a funci\u00f3 facilitar l'\u00fas i la navegaci\u00f3 d'aquesta p\u00e0gina web, sent en alguns casos essencials per al funcionament d'aquesta. Per aix\u00f2, la p\u00e0gina web emmagatzema els h\u00e0bits de navegaci\u00f3 de l'usuari en aquesta p\u00e0gina espec\u00edfica.<p>Les cookies no emmagatzemen la teva informaci\u00f3 personal, dades de contacte, bancaris o de qualsevol \u00edndole. Pots estar totalment tranquil perqu\u00e8 la teva privacitat est\u00e0 fora de perill. En el cas d'aquesta p\u00e0gina web, les cookies que s'usen s\u00f3n les seg\u00fcents:<br><\/h2>\t\t<\/div>\n\t\t\t\t<\/div>\n\t\t\t\t<div class=\"elementor-element elementor-element-5eada09a elementor-widget elementor-widget-spacer\" data-id=\"5eada09a\" data-element_type=\"widget\" data-widget_type=\"spacer.default\">\n\t\t\t\t<div class=\"elementor-widget-container\">\n\t\t\t\t\t<div class=\"elementor-spacer\">\n\t\t\t<div class=\"elementor-spacer-inner\"><\/div>\n\t\t<\/div>\n\t\t\t\t<\/div>\n\t\t\t\t<\/div>\n\t\t\t\t<div class=\"elementor-element elementor-element-6e49c1c5 elementor-invisible elementor-widget elementor-widget-heading\" data-id=\"6e49c1c5\" data-element_type=\"widget\" data-settings=\"{&quot;_animation&quot;:&quot;fadeIn&quot;,&quot;_animation_delay&quot;:150}\" data-widget_type=\"heading.default\">\n\t\t\t\t<div class=\"elementor-widget-container\">\n\t\t\t<h2 class=\"elementor-heading-title elementor-size-default\">Nom: _ga <br>Valor: GA1.2.209316367.1543581145<br>Expira: 2020-11-29T 12:32:25.000Z<br><br>Nom: _gid<br>Valor: GA1.2.114790924.1543581145<br>Expira: 2018-12-01T12:32:25.000Z<\/h2>\t\t<\/div>\n\t\t\t\t<\/div>\n\t\t\t\t<div class=\"elementor-element elementor-element-7c9226d7 elementor-widget elementor-widget-spacer\" data-id=\"7c9226d7\" data-element_type=\"widget\" data-widget_type=\"spacer.default\">\n\t\t\t\t<div class=\"elementor-widget-container\">\n\t\t\t\t\t<div class=\"elementor-spacer\">\n\t\t\t<div class=\"elementor-spacer-inner\"><\/div>\n\t\t<\/div>\n\t\t\t\t<\/div>\n\t\t\t\t<\/div>\n\t\t\t\t<div class=\"elementor-element elementor-element-485af20d elementor-invisible elementor-widget elementor-widget-heading\" data-id=\"485af20d\" data-element_type=\"widget\" data-settings=\"{&quot;_animation&quot;:&quot;fadeIn&quot;,&quot;_animation_delay&quot;:150}\" data-widget_type=\"heading.default\">\n\t\t\t\t<div class=\"elementor-widget-container\">\n\t\t\t<h2 class=\"elementor-heading-title elementor-size-default\">Ocasionalment, puc emprar complements per a facilitar que els continguts es comparteixin en xarxes socials. En aquests casos, les cookies que puguin instal\u00b7lar-se tindran aquesta \u00fanica finalitat.<p>Tot aix\u00f2 pots evitar-ho accedint en forma de navegaci\u00f3 privada o desactivar-ho en qualsevol moment des del teu navegador. <p>Aqu\u00ed et deixo els enlla\u00e7os que t'expliquen com fer-ho des dels navegadors m\u00e9s usuals:<p>Firefox: http:\/\/support.mozilla.org\/es\/kb\/habilitar-y-deshabilitar-cookies-que-los-sitios-we<p>Safari: http:\/\/support.apple.com\/kb\/ht1677?viewlocale=es_es<p>Google Chrome: https:\/\/support.google.com\/chrome\/answer\/95647?hl=es<p>Internet Explorer: http:\/\/windows.microsoft.com\/es-es\/windows-vista\/block-or-allow-cookies<\/h2>\t\t<\/div>\n\t\t\t\t<\/div>\n\t\t\t\t<div class=\"elementor-element elementor-element-3b27fcaf elementor-widget elementor-widget-spacer\" data-id=\"3b27fcaf\" data-element_type=\"widget\" data-widget_type=\"spacer.default\">\n\t\t\t\t<div class=\"elementor-widget-container\">\n\t\t\t\t\t<div class=\"elementor-spacer\">\n\t\t\t<div class=\"elementor-spacer-inner\"><\/div>\n\t\t<\/div>\n\t\t\t\t<\/div>\n\t\t\t\t<\/div>\n\t\t\t\t<div class=\"elementor-element elementor-element-1af06541 elementor-invisible elementor-widget elementor-widget-heading\" data-id=\"1af06541\" data-element_type=\"widget\" data-settings=\"{&quot;_animation&quot;:&quot;fadeIn&quot;,&quot;_animation_delay&quot;:150}\" data-widget_type=\"heading.default\">\n\t\t\t\t<div class=\"elementor-widget-container\">\n\t\t\t<h2 class=\"elementor-heading-title elementor-size-default\">Si tens algun dubte que vols que t'aclarim, <a href=\"https:\/\/aventuramarkt.com\/ca\/contacto\/\"><b>escriu-nos a trav\u00e9s del formulari de contacte <\/b><\/a>d'aquesta p\u00e0gina web.<\/h2>\t\t<\/div>\n\t\t\t\t<\/div>\n\t\t\t\t\t<\/div>\n\t\t<\/div>\n\t\t\t\t\t<\/div>\n\t\t<\/section>\n\t\t\t\t<\/div>\n\t\t","protected":false},"excerpt":{"rendered":"<p>Cookies Com t&#8217;informem en entrar en aquesta p\u00e0gina web utilitzem cookies pr\u00f2pies i de tercers. Si has accedit i continues navegant, \u00e9s que acceptes la instal\u00b7laci\u00f3 d&#8217;aquestes cookies. Si no les acceptes, m\u00e9s endavant t&#8217;explico qu\u00e8 has de fer per a desactivar-les. Les cookies es defineixen com a petits arxius de text que una p\u00e0gina [&hellip;]<\/p>\n","protected":false},"author":2,"featured_media":0,"parent":0,"menu_order":0,"comment_status":"closed","ping_status":"closed","template":"elementor_header_footer","meta":{"footnotes":""},"yoast_head":"<!-- This site is optimized with the Yoast SEO plugin v22.3 - https:\/\/yoast.com\/wordpress\/plugins\/seo\/ -->\n<title>Cookies<\/title>\n<meta name=\"description\" content=\"Cookies Com t&#039;informem en entrar en aquesta p\u00e0gina web utilitzem cookies pr\u00f2pies i de tercers. Si has accedit i continues navegant, \u00e9s que acceptes la\" \/>\n<meta name=\"robots\" content=\"index, follow, max-snippet:-1, max-image-preview:large, max-video-preview:-1\" \/>\n<link rel=\"canonical\" href=\"https:\/\/aventuramarkt.com\/ca\/cookies\/\" \/>\n<meta property=\"og:locale\" content=\"ca_ES\" \/>\n<meta property=\"og:type\" content=\"article\" \/>\n<meta property=\"og:title\" content=\"Cookies\" \/>\n<meta property=\"og:description\" content=\"Cookies Com t&#039;informem en entrar en aquesta p\u00e0gina web utilitzem cookies pr\u00f2pies i de tercers. Si has accedit i continues navegant, \u00e9s que acceptes la\" \/>\n<meta property=\"og:url\" content=\"https:\/\/aventuramarkt.com\/ca\/cookies\/\" \/>\n<meta property=\"og:site_name\" content=\"Aventura Markt\" \/>\n<meta property=\"article:publisher\" content=\"https:\/\/www.facebook.com\/new.ape.spain\/\" \/>\n<meta property=\"article:modified_time\" content=\"2019-02-19T16:47:24+00:00\" \/>\n<meta property=\"og:image\" content=\"https:\/\/aventuramarkt.com\/wp-content\/uploads\/2019\/05\/new_ape_fb.png\" \/>\n\t<meta property=\"og:image:width\" content=\"360\" \/>\n\t<meta property=\"og:image:height\" content=\"360\" \/>\n\t<meta property=\"og:image:type\" content=\"image\/png\" \/>\n<meta name=\"twitter:card\" content=\"summary_large_image\" \/>\n<meta name=\"twitter:label1\" content=\"Temps estimat de lectura\" \/>\n\t<meta name=\"twitter:data1\" content=\"1 minut\" \/>\n<script type=\"application\/ld+json\" class=\"yoast-schema-graph\">{\"@context\":\"https:\/\/schema.org\",\"@graph\":[{\"@type\":\"WebPage\",\"@id\":\"https:\/\/aventuramarkt.com\/ca\/cookies\/\",\"url\":\"https:\/\/aventuramarkt.com\/ca\/cookies\/\",\"name\":\"Cookies\",\"isPartOf\":{\"@id\":\"https:\/\/aventuramarkt.com\/ca\/#website\"},\"datePublished\":\"2019-02-04T06:04:29+00:00\",\"dateModified\":\"2019-02-19T16:47:24+00:00\",\"description\":\"Cookies Com t'informem en entrar en aquesta p\u00e0gina web utilitzem cookies pr\u00f2pies i de tercers. Si has accedit i continues navegant, \u00e9s que acceptes la\",\"breadcrumb\":{\"@id\":\"https:\/\/aventuramarkt.com\/ca\/cookies\/#breadcrumb\"},\"inLanguage\":\"ca\",\"potentialAction\":[{\"@type\":\"ReadAction\",\"target\":[\"https:\/\/aventuramarkt.com\/ca\/cookies\/\"]}]},{\"@type\":\"BreadcrumbList\",\"@id\":\"https:\/\/aventuramarkt.com\/ca\/cookies\/#breadcrumb\",\"itemListElement\":[{\"@type\":\"ListItem\",\"position\":1,\"name\":\"Portada\",\"item\":\"https:\/\/aventuramarkt.com\/ca\/tienda\/\"},{\"@type\":\"ListItem\",\"position\":2,\"name\":\"Cookies\"}]},{\"@type\":\"WebSite\",\"@id\":\"https:\/\/aventuramarkt.com\/ca\/#website\",\"url\":\"https:\/\/aventuramarkt.com\/ca\/\",\"name\":\"Aventura Markt\",\"description\":\"\",\"publisher\":{\"@id\":\"https:\/\/aventuramarkt.com\/ca\/#organization\"},\"potentialAction\":[{\"@type\":\"SearchAction\",\"target\":{\"@type\":\"EntryPoint\",\"urlTemplate\":\"https:\/\/aventuramarkt.com\/ca\/?s={search_term_string}\"},\"query-input\":\"required name=search_term_string\"}],\"inLanguage\":\"ca\"},{\"@type\":\"Organization\",\"@id\":\"https:\/\/aventuramarkt.com\/ca\/#organization\",\"name\":\"New Ape | New adventure & professional equipment\",\"url\":\"https:\/\/aventuramarkt.com\/ca\/\",\"logo\":{\"@type\":\"ImageObject\",\"inLanguage\":\"ca\",\"@id\":\"https:\/\/aventuramarkt.com\/ca\/#\/schema\/logo\/image\/\",\"url\":\"https:\/\/aventuramarkt.com\/wp-content\/uploads\/2018\/09\/newape_logo.jpg\",\"contentUrl\":\"https:\/\/aventuramarkt.com\/wp-content\/uploads\/2018\/09\/newape_logo.jpg\",\"width\":260,\"height\":105,\"caption\":\"New Ape | New adventure & professional equipment\"},\"image\":{\"@id\":\"https:\/\/aventuramarkt.com\/ca\/#\/schema\/logo\/image\/\"},\"sameAs\":[\"https:\/\/www.facebook.com\/new.ape.spain\/\",\"https:\/\/www.instagram.com\/new_ape\/\",\"https:\/\/www.linkedin.com\/company\/new-ape\/\",\"https:\/\/www.youtube.com\/channel\/UCsdk6-z25HfysZcPGrsPqgA\"]}]}<\/script>\n<!-- \/ Yoast SEO plugin. -->","yoast_head_json":{"title":"Cookies","description":"Cookies Com t'informem en entrar en aquesta p\u00e0gina web utilitzem cookies pr\u00f2pies i de tercers. Si has accedit i continues navegant, \u00e9s que acceptes la","robots":{"index":"index","follow":"follow","max-snippet":"max-snippet:-1","max-image-preview":"max-image-preview:large","max-video-preview":"max-video-preview:-1"},"canonical":"https:\/\/aventuramarkt.com\/ca\/cookies\/","og_locale":"ca_ES","og_type":"article","og_title":"Cookies","og_description":"Cookies Com t'informem en entrar en aquesta p\u00e0gina web utilitzem cookies pr\u00f2pies i de tercers. Si has accedit i continues navegant, \u00e9s que acceptes la","og_url":"https:\/\/aventuramarkt.com\/ca\/cookies\/","og_site_name":"Aventura Markt","article_publisher":"https:\/\/www.facebook.com\/new.ape.spain\/","article_modified_time":"2019-02-19T16:47:24+00:00","og_image":[{"width":360,"height":360,"url":"https:\/\/aventuramarkt.com\/wp-content\/uploads\/2019\/05\/new_ape_fb.png","type":"image\/png"}],"twitter_card":"summary_large_image","twitter_misc":{"Temps estimat de lectura":"1 minut"},"schema":{"@context":"https:\/\/schema.org","@graph":[{"@type":"WebPage","@id":"https:\/\/aventuramarkt.com\/ca\/cookies\/","url":"https:\/\/aventuramarkt.com\/ca\/cookies\/","name":"Cookies","isPartOf":{"@id":"https:\/\/aventuramarkt.com\/ca\/#website"},"datePublished":"2019-02-04T06:04:29+00:00","dateModified":"2019-02-19T16:47:24+00:00","description":"Cookies Com t'informem en entrar en aquesta p\u00e0gina web utilitzem cookies pr\u00f2pies i de tercers. Si has accedit i continues navegant, \u00e9s que acceptes la","breadcrumb":{"@id":"https:\/\/aventuramarkt.com\/ca\/cookies\/#breadcrumb"},"inLanguage":"ca","potentialAction":[{"@type":"ReadAction","target":["https:\/\/aventuramarkt.com\/ca\/cookies\/"]}]},{"@type":"BreadcrumbList","@id":"https:\/\/aventuramarkt.com\/ca\/cookies\/#breadcrumb","itemListElement":[{"@type":"ListItem","position":1,"name":"Portada","item":"https:\/\/aventuramarkt.com\/ca\/tienda\/"},{"@type":"ListItem","position":2,"name":"Cookies"}]},{"@type":"WebSite","@id":"https:\/\/aventuramarkt.com\/ca\/#website","url":"https:\/\/aventuramarkt.com\/ca\/","name":"Aventura Markt","description":"","publisher":{"@id":"https:\/\/aventuramarkt.com\/ca\/#organization"},"potentialAction":[{"@type":"SearchAction","target":{"@type":"EntryPoint","urlTemplate":"https:\/\/aventuramarkt.com\/ca\/?s={search_term_string}"},"query-input":"required name=search_term_string"}],"inLanguage":"ca"},{"@type":"Organization","@id":"https:\/\/aventuramarkt.com\/ca\/#organization","name":"New Ape | New adventure & professional equipment","url":"https:\/\/aventuramarkt.com\/ca\/","logo":{"@type":"ImageObject","inLanguage":"ca","@id":"https:\/\/aventuramarkt.com\/ca\/#\/schema\/logo\/image\/","url":"https:\/\/aventuramarkt.com\/wp-content\/uploads\/2018\/09\/newape_logo.jpg","contentUrl":"https:\/\/aventuramarkt.com\/wp-content\/uploads\/2018\/09\/newape_logo.jpg","width":260,"height":105,"caption":"New Ape | New adventure & professional equipment"},"image":{"@id":"https:\/\/aventuramarkt.com\/ca\/#\/schema\/logo\/image\/"},"sameAs":["https:\/\/www.facebook.com\/new.ape.spain\/","https:\/\/www.instagram.com\/new_ape\/","https:\/\/www.linkedin.com\/company\/new-ape\/","https:\/\/www.youtube.com\/channel\/UCsdk6-z25HfysZcPGrsPqgA"]}]}},"_links":{"self":[{"href":"https:\/\/aventuramarkt.com\/ca\/wp-json\/wp\/v2\/pages\/3340"}],"collection":[{"href":"https:\/\/aventuramarkt.com\/ca\/wp-json\/wp\/v2\/pages"}],"about":[{"href":"https:\/\/aventuramarkt.com\/ca\/wp-json\/wp\/v2\/types\/page"}],"author":[{"embeddable":true,"href":"https:\/\/aventuramarkt.com\/ca\/wp-json\/wp\/v2\/users\/2"}],"replies":[{"embeddable":true,"href":"https:\/\/aventuramarkt.com\/ca\/wp-json\/wp\/v2\/comments?post=3340"}],"version-history":[{"count":0,"href":"https:\/\/aventuramarkt.com\/ca\/wp-json\/wp\/v2\/pages\/3340\/revisions"}],"wp:attachment":[{"href":"https:\/\/aventuramarkt.com\/ca\/wp-json\/wp\/v2\/media?parent=3340"}],"curies":[{"name":"wp","href":"https:\/\/api.w.org\/{rel}","templated":true}]}}